{"id":10249,"date":"2025-01-23T10:44:39","date_gmt":"2025-01-23T10:44:39","guid":{"rendered":"https:\/\/www.kozjanski-park.si\/eng\/?page_id=10249"},"modified":"2025-11-22T14:14:27","modified_gmt":"2025-11-22T13:14:27","slug":"pot-na-vetrnik-zupanov-breg-in-naravoslovna-pot-travnik","status":"publish","type":"page","link":"https:\/\/www.kozjanski-park.si\/eng\/pohodnistvo\/pot-na-vetrnik-zupanov-breg-in-naravoslovna-pot-travnik\/","title":{"rendered":"Path to Vetrnik \u2013 \u017dupanov breg and Travnik Natural Educational Trail"},"content":{"rendered":"\t\t<div data-elementor-type=\"wp-page\" data-elementor-id=\"10249\" class=\"elementor elementor-10249\">\n\t\t\t\t<div class=\"elementor-element elementor-element-df743af e-flex e-con-boxed e-con e-parent\" data-id=\"df743af\" data-element_type=\"container\">\n\t\t\t\t\t<div class=\"e-con-inner\">\n\t\t\t\t<div class=\"elementor-element elementor-element-f4231e4 elementor-widget elementor-widget-spacer\" data-id=\"f4231e4\" data-element_type=\"widget\" data-widget_type=\"spacer.default\">\n\t\t\t\t<div class=\"elementor-widget-container\">\n\t\t\t\t\t\t\t<div class=\"elementor-spacer\">\n\t\t\t<div class=\"elementor-spacer-inner\"><\/div>\n\t\t<\/div>\n\t\t\t\t\t\t<\/div>\n\t\t\t\t<\/div>\n\t\t\t\t<div class=\"elementor-element elementor-element-444e753 elementor-widget__width-initial elementor-widget elementor-widget-text-editor\" data-id=\"444e753\" data-element_type=\"widget\" data-widget_type=\"text-editor.default\">\n\t\t\t\t<div class=\"elementor-widget-container\">\n\t\t\t\t\t\t\t\t\t<p>It connects Kozje with the peak of Vetrnik (709m), starting at St. Mary&#8217;s Church in Kozje. The trail continues past the Kozje Castle and climbs up the slope of Kozjak to \u017dupanov breg, as the slope below the summit is called by locals, and the summit of Vetrnik. In May and June, we are already accompanied by a wide variety of grassland plants along the way, and the exceptional diversity of the meadow is particularly evident on \u017dupanov breg, where we can admire as many as 12 species of orchids or wild orchids in a single day. In late spring and early summer, the meadow is full of colourful flowers of unusual shapes and names, with butterflies, locusts and crickets flying among the flowers. Around the meadow, there are signs describing the features of the living world here.<\/p><p>At the top, there is a stamp, a registration book and binoculars, and you can rest on the love bench to the sounds of the wind harp. The magnificent views stretch all the way to the Kamnik-Savinja Alps, Peca, Pohorje, Bo\u010d, Dona\u010dka gora, Kalnik, Croatian Zagorje, and towards Gorjanci and Sne\u017enik.<\/p><p>\u00a0<\/p><ul><li>Theme: forest, meadow, orchids, butterflies, grasshoppers, lookout point<\/li><li>Trail length: 3km<\/li><li>Circular: partly, the circular thematic Travnik Natural Education Trail runs around the Vetrnik summit, return to Kozje goes via Kozjak along the same route<\/li><li>Starting point: Kozje market town, St. Mary&#8217;s Church<\/li><li>Coordinates of the starting point: 07135, 15.5562<\/li><li>Finish point: Vetrnik, summit<\/li><li>Coordinates of the destination: 46.05905, 15.55170<\/li><li>Lowest point: 275m AMSL (Kozje)<\/li><li>Highest point: 709m AMSL (Vetrnik)<\/li><\/ul><p>\u00a0<\/p><p>Guided tours for booked groups:<\/p><p>JZ Kozjanski park, Podsreda 45, 3257 Podsreda<br \/>Tel.: +386 (0)3 800 7100<br \/>E-mail: <a href=\"mailto:kozjanski-park@kp.gov.si\">kozjanski-park@kp.gov.si<\/a><\/p><p>\u00a0<\/p><p>Those who just want to walk around the meadow and admire the view can reach the starting point of the thematic Travnik Natural Education Trail by car. The first information board is 500m away and the Vetrnik peak is less than a kilometre away. From the car park, follow the signposts.<\/p><p>Coordinates of the car park: 46.0588, 15.5463<\/p><p>Leaflet, brochure: Vetrnik Natural Education Trail guide<\/p>\t\t\t\t\t\t\t\t<\/div>\n\t\t\t\t<\/div>\n\t\t\t\t<div class=\"elementor-element elementor-element-e6a2bd2 elementor-widget elementor-widget-spacer\" data-id=\"e6a2bd2\" data-element_type=\"widget\" data-widget_type=\"spacer.default\">\n\t\t\t\t<div class=\"elementor-widget-container\">\n\t\t\t\t\t\t\t<div class=\"elementor-spacer\">\n\t\t\t<div class=\"elementor-spacer-inner\"><\/div>\n\t\t<\/div>\n\t\t\t\t\t\t<\/div>\n\t\t\t\t<\/div>\n\t\t\t\t\t<\/div>\n\t\t\t\t<\/div>\n\t\t<div class=\"elementor-element elementor-element-17402fc e-flex e-con-boxed e-con e-parent\" data-id=\"17402fc\" data-element_type=\"container\">\n\t\t\t\t\t<div class=\"e-con-inner\">\n\t\t\t\t<div class=\"elementor-element elementor-element-1cceef4 elementor-widget elementor-widget-image\" data-id=\"1cceef4\" data-element_type=\"widget\" data-widget_type=\"image.default\">\n\t\t\t\t<div class=\"elementor-widget-container\">\n\t\t\t\t\t\t\t\t\t\t\t\t\t\t\t<img fetchpriority=\"high\" decoding=\"async\" width=\"2000\" height=\"1145\" src=\"https:\/\/www.kozjanski-park.si\/eng\/wp-content\/uploads\/2025\/01\/5_ucna-pot-travnik.jpg\" class=\"attachment-full size-full wp-image-10251\" alt=\"\" srcset=\"https:\/\/www.kozjanski-park.si\/eng\/wp-content\/uploads\/2025\/01\/5_ucna-pot-travnik.jpg 2000w, https:\/\/www.kozjanski-park.si\/eng\/wp-content\/uploads\/2025\/01\/5_ucna-pot-travnik-300x172.jpg 300w, https:\/\/www.kozjanski-park.si\/eng\/wp-content\/uploads\/2025\/01\/5_ucna-pot-travnik-1024x586.jpg 1024w, https:\/\/www.kozjanski-park.si\/eng\/wp-content\/uploads\/2025\/01\/5_ucna-pot-travnik-768x440.jpg 768w, https:\/\/www.kozjanski-park.si\/eng\/wp-content\/uploads\/2025\/01\/5_ucna-pot-travnik-1536x879.jpg 1536w\" sizes=\"(max-width: 2000px) 100vw, 2000px\" \/>\t\t\t\t\t\t\t\t\t\t\t\t\t\t\t<\/div>\n\t\t\t\t<\/div>\n\t\t\t\t\t<\/div>\n\t\t\t\t<\/div>\n\t\t\t\t<\/div>\n\t\t","protected":false},"excerpt":{"rendered":"<div class=\"tmnf_excerpt\"><p>It connects Kozje with the peak of Vetrnik (709m), starting at St. Mary&#8217;s Church in Kozje. The trail continues past the Kozje Castle and climbs up the slope of Kozjak to \u017dupanov breg, as the slope below the summit is called by locals, and the summit of Vetrnik. In May and June, we are already &hellip;<\/p>\n<\/div>","protected":false},"author":1,"featured_media":10250,"parent":8502,"menu_order":0,"comment_status":"closed","ping_status":"closed","template":"template-fullwidth-alt.php","meta":{"_acf_changed":false,"_monsterinsights_skip_tracking":false,"_monsterinsights_sitenote_active":false,"_monsterinsights_sitenote_note":"","_monsterinsights_sitenote_category":0,"footnotes":""},"class_list":["post-10249","page","type-page","status-publish","has-post-thumbnail","hentry"],"acf":[],"aioseo_notices":[],"_links":{"self":[{"href":"https:\/\/www.kozjanski-park.si\/eng\/wp-json\/wp\/v2\/pages\/10249","targetHints":{"allow":["GET"]}}],"collection":[{"href":"https:\/\/www.kozjanski-park.si\/eng\/wp-json\/wp\/v2\/pages"}],"about":[{"href":"https:\/\/www.kozjanski-park.si\/eng\/wp-json\/wp\/v2\/types\/page"}],"author":[{"embeddable":true,"href":"https:\/\/www.kozjanski-park.si\/eng\/wp-json\/wp\/v2\/users\/1"}],"replies":[{"embeddable":true,"href":"https:\/\/www.kozjanski-park.si\/eng\/wp-json\/wp\/v2\/comments?post=10249"}],"version-history":[{"count":12,"href":"https:\/\/www.kozjanski-park.si\/eng\/wp-json\/wp\/v2\/pages\/10249\/revisions"}],"predecessor-version":[{"id":13474,"href":"https:\/\/www.kozjanski-park.si\/eng\/wp-json\/wp\/v2\/pages\/10249\/revisions\/13474"}],"up":[{"embeddable":true,"href":"https:\/\/www.kozjanski-park.si\/eng\/wp-json\/wp\/v2\/pages\/8502"}],"wp:featuredmedia":[{"embeddable":true,"href":"https:\/\/www.kozjanski-park.si\/eng\/wp-json\/wp\/v2\/media\/10250"}],"wp:attachment":[{"href":"https:\/\/www.kozjanski-park.si\/eng\/wp-json\/wp\/v2\/media?parent=10249"}],"curies":[{"name":"wp","href":"https:\/\/api.w.org\/{rel}","templated":true}]}}