{"id":10255,"date":"2025-01-23T10:46:55","date_gmt":"2025-01-23T10:46:55","guid":{"rendered":"https:\/\/www.kozjanski-park.si\/eng\/?page_id=10255"},"modified":"2025-11-22T14:15:03","modified_gmt":"2025-11-22T13:15:03","slug":"geoloska-pot-na-rudnico-in-olimje","status":"publish","type":"page","link":"https:\/\/www.kozjanski-park.si\/eng\/pohodnistvo\/geoloska-pot-na-rudnico-in-olimje\/","title":{"rendered":"Geological trail to Rudnica and Olimje"},"content":{"rendered":"\t\t<div data-elementor-type=\"wp-page\" data-elementor-id=\"10255\" class=\"elementor elementor-10255\">\n\t\t\t\t<div class=\"elementor-element elementor-element-df743af e-flex e-con-boxed e-con e-parent\" data-id=\"df743af\" data-element_type=\"container\">\n\t\t\t\t\t<div class=\"e-con-inner\">\n\t\t\t\t<div class=\"elementor-element elementor-element-f4231e4 elementor-widget elementor-widget-spacer\" data-id=\"f4231e4\" data-element_type=\"widget\" data-widget_type=\"spacer.default\">\n\t\t\t\t<div class=\"elementor-widget-container\">\n\t\t\t\t\t\t\t<div class=\"elementor-spacer\">\n\t\t\t<div class=\"elementor-spacer-inner\"><\/div>\n\t\t<\/div>\n\t\t\t\t\t\t<\/div>\n\t\t\t\t<\/div>\n\t\t\t\t<div class=\"elementor-element elementor-element-444e753 elementor-widget__width-initial elementor-widget elementor-widget-text-editor\" data-id=\"444e753\" data-element_type=\"widget\" data-widget_type=\"text-editor.default\">\n\t\t\t\t<div class=\"elementor-widget-container\">\n\t\t\t\t\t\t\t\t\t<p>The route of the geological trail passes in the vicinity of Olimje, in the northern part of the protected area of Kozjansko Park. The diversity of the geological structure of the surrounding area is suitable for presenting the entire geological development and geological structure of Kozjansko. The trail passes through 21 points, where you can observe different rocks, and geological and geomorphological phenomena. The trail starts at the abandoned iron ore mine in Slake, then continues along forest paths and village trails past the Witch Cottage and the monastery in Olimje.<\/p><p>There are beautiful viewpoints along the way, from which you can see most of Kozjansko Park.<\/p><p>The trail is suitable for walkers of average physical ability and families.<\/p><ul><li>Theme: rock, minerals,<\/li><li>Trail length: 10km<\/li><li>Circular: partly, the route has three possible partial visits, from which we return to the starting point<\/li><li>Start: abandoned mine tunnel in Slake, to which a signpost on the road Pod\u010detrtek\u2013Olimje leads you<\/li><li>Coordinates of the starting point: 1492, 15.5816<\/li><li>Finish point: Olimje, monastery<\/li><li>Coordinates of the destination: 46.1500, 15.5628<\/li><li>Lowest point: 237m AMSL (Slake)<\/li><li>Highest point: 420m AMSL (Ore\u0161je)<\/li><\/ul><p>\u00a0<\/p><p>Guided tours for booked groups:<\/p><p>JZ Kozjanski park, Podsreda 45, 3257 Podsreda<br \/>Tel.: +386 (0)3 800 7100<br \/>E-mail: <a href=\"mailto:kozjanski-park@kp.gov.si\">kozjanski-park@kp.gov.si<\/a><\/p><p>Leaflet, brochure: Vodnik po Geolo\u0161ki u\u010dni poti na Rudnico in Vir\u0161tanj \u2013 SLO<\/p><p>Guide Along a geological educational trail to the Rudnica hill and Vir\u0161tanj \u2013 SLO, HR, NEM, ANGL<\/p>\t\t\t\t\t\t\t\t<\/div>\n\t\t\t\t<\/div>\n\t\t\t\t<div class=\"elementor-element elementor-element-e6a2bd2 elementor-widget elementor-widget-spacer\" data-id=\"e6a2bd2\" data-element_type=\"widget\" data-widget_type=\"spacer.default\">\n\t\t\t\t<div class=\"elementor-widget-container\">\n\t\t\t\t\t\t\t<div class=\"elementor-spacer\">\n\t\t\t<div class=\"elementor-spacer-inner\"><\/div>\n\t\t<\/div>\n\t\t\t\t\t\t<\/div>\n\t\t\t\t<\/div>\n\t\t\t\t\t<\/div>\n\t\t\t\t<\/div>\n\t\t<div class=\"elementor-element elementor-element-17402fc e-flex e-con-boxed e-con e-parent\" data-id=\"17402fc\" data-element_type=\"container\">\n\t\t\t\t\t<div class=\"e-con-inner\">\n\t\t\t\t<div class=\"elementor-element elementor-element-1cceef4 elementor-widget elementor-widget-image\" data-id=\"1cceef4\" data-element_type=\"widget\" data-widget_type=\"image.default\">\n\t\t\t\t<div class=\"elementor-widget-container\">\n\t\t\t\t\t\t\t\t\t\t\t\t\t\t\t<img fetchpriority=\"high\" decoding=\"async\" width=\"2000\" height=\"1471\" src=\"https:\/\/www.kozjanski-park.si\/eng\/wp-content\/uploads\/2025\/01\/4_geoloska-pot.jpg\" class=\"attachment-full size-full wp-image-10257\" alt=\"\" srcset=\"https:\/\/www.kozjanski-park.si\/eng\/wp-content\/uploads\/2025\/01\/4_geoloska-pot.jpg 2000w, https:\/\/www.kozjanski-park.si\/eng\/wp-content\/uploads\/2025\/01\/4_geoloska-pot-300x221.jpg 300w, https:\/\/www.kozjanski-park.si\/eng\/wp-content\/uploads\/2025\/01\/4_geoloska-pot-1024x753.jpg 1024w, https:\/\/www.kozjanski-park.si\/eng\/wp-content\/uploads\/2025\/01\/4_geoloska-pot-768x565.jpg 768w, https:\/\/www.kozjanski-park.si\/eng\/wp-content\/uploads\/2025\/01\/4_geoloska-pot-1536x1130.jpg 1536w\" sizes=\"(max-width: 2000px) 100vw, 2000px\" \/>\t\t\t\t\t\t\t\t\t\t\t\t\t\t\t<\/div>\n\t\t\t\t<\/div>\n\t\t\t\t<div class=\"elementor-element elementor-element-523d48f elementor-widget elementor-widget-image\" data-id=\"523d48f\" data-element_type=\"widget\" data-widget_type=\"image.default\">\n\t\t\t\t<div class=\"elementor-widget-container\">\n\t\t\t\t\t\t\t\t\t\t\t\t\t\t\t<img decoding=\"async\" width=\"2560\" height=\"1920\" src=\"https:\/\/www.kozjanski-park.si\/eng\/wp-content\/uploads\/2025\/01\/geoloska-pot_bp-scaled.jpg\" class=\"attachment-full size-full wp-image-10256\" alt=\"pot na rudnico\" srcset=\"https:\/\/www.kozjanski-park.si\/eng\/wp-content\/uploads\/2025\/01\/geoloska-pot_bp-scaled.jpg 2560w, https:\/\/www.kozjanski-park.si\/eng\/wp-content\/uploads\/2025\/01\/geoloska-pot_bp-300x225.jpg 300w, https:\/\/www.kozjanski-park.si\/eng\/wp-content\/uploads\/2025\/01\/geoloska-pot_bp-1024x768.jpg 1024w, https:\/\/www.kozjanski-park.si\/eng\/wp-content\/uploads\/2025\/01\/geoloska-pot_bp-768x576.jpg 768w, https:\/\/www.kozjanski-park.si\/eng\/wp-content\/uploads\/2025\/01\/geoloska-pot_bp-1536x1152.jpg 1536w, https:\/\/www.kozjanski-park.si\/eng\/wp-content\/uploads\/2025\/01\/geoloska-pot_bp-2048x1536.jpg 2048w, https:\/\/www.kozjanski-park.si\/eng\/wp-content\/uploads\/2025\/01\/geoloska-pot_bp-386x290.jpg 386w\" sizes=\"(max-width: 2560px) 100vw, 2560px\" \/>\t\t\t\t\t\t\t\t\t\t\t\t\t\t\t<\/div>\n\t\t\t\t<\/div>\n\t\t\t\t\t<\/div>\n\t\t\t\t<\/div>\n\t\t\t\t<\/div>\n\t\t","protected":false},"excerpt":{"rendered":"<div class=\"tmnf_excerpt\"><p>The route of the geological trail passes in the vicinity of Olimje, in the northern part of the protected area of Kozjansko Park. The diversity of the geological structure of the surrounding area is suitable for presenting the entire geological development and geological structure of Kozjansko. The trail passes through 21 points, where you can &hellip;<\/p>\n<\/div>","protected":false},"author":1,"featured_media":10256,"parent":8502,"menu_order":0,"comment_status":"closed","ping_status":"closed","template":"template-fullwidth-alt.php","meta":{"_acf_changed":false,"_monsterinsights_skip_tracking":false,"_monsterinsights_sitenote_active":false,"_monsterinsights_sitenote_note":"","_monsterinsights_sitenote_category":0,"footnotes":""},"class_list":["post-10255","page","type-page","status-publish","has-post-thumbnail","hentry"],"acf":[],"aioseo_notices":[],"_links":{"self":[{"href":"https:\/\/www.kozjanski-park.si\/eng\/wp-json\/wp\/v2\/pages\/10255","targetHints":{"allow":["GET"]}}],"collection":[{"href":"https:\/\/www.kozjanski-park.si\/eng\/wp-json\/wp\/v2\/pages"}],"about":[{"href":"https:\/\/www.kozjanski-park.si\/eng\/wp-json\/wp\/v2\/types\/page"}],"author":[{"embeddable":true,"href":"https:\/\/www.kozjanski-park.si\/eng\/wp-json\/wp\/v2\/users\/1"}],"replies":[{"embeddable":true,"href":"https:\/\/www.kozjanski-park.si\/eng\/wp-json\/wp\/v2\/comments?post=10255"}],"version-history":[{"count":21,"href":"https:\/\/www.kozjanski-park.si\/eng\/wp-json\/wp\/v2\/pages\/10255\/revisions"}],"predecessor-version":[{"id":13477,"href":"https:\/\/www.kozjanski-park.si\/eng\/wp-json\/wp\/v2\/pages\/10255\/revisions\/13477"}],"up":[{"embeddable":true,"href":"https:\/\/www.kozjanski-park.si\/eng\/wp-json\/wp\/v2\/pages\/8502"}],"wp:featuredmedia":[{"embeddable":true,"href":"https:\/\/www.kozjanski-park.si\/eng\/wp-json\/wp\/v2\/media\/10256"}],"wp:attachment":[{"href":"https:\/\/www.kozjanski-park.si\/eng\/wp-json\/wp\/v2\/media?parent=10255"}],"curies":[{"name":"wp","href":"https:\/\/api.w.org\/{rel}","templated":true}]}}