{"id":8167,"date":"2024-08-12T08:45:33","date_gmt":"2024-08-12T08:45:33","guid":{"rendered":"https:\/\/www.kozjanski-park.si\/eng\/?page_id=8167"},"modified":"2026-02-09T12:34:23","modified_gmt":"2026-02-09T11:34:23","slug":"sodelovanja","status":"publish","type":"page","link":"https:\/\/www.kozjanski-park.si\/eng\/javni-zavod\/sodelovanja\/","title":{"rendered":"COOPERATION"},"content":{"rendered":"\t\t<div data-elementor-type=\"wp-page\" data-elementor-id=\"8167\" class=\"elementor elementor-8167\">\n\t\t\t\t<div class=\"elementor-element elementor-element-e3fb66d e-flex e-con-boxed e-con e-parent\" data-id=\"e3fb66d\" data-element_type=\"container\">\n\t\t\t\t\t<div class=\"e-con-inner\">\n\t\t\t\t<div class=\"elementor-element elementor-element-e608691 elementor-widget elementor-widget-text-editor\" data-id=\"e608691\" data-element_type=\"widget\" data-widget_type=\"text-editor.default\">\n\t\t\t\t<div class=\"elementor-widget-container\">\n\t\t\t\t\t\t\t\t\t<p>Kozjanski Park is a member of various associations and communities, whose main aim is to network and promote together.<\/p>\t\t\t\t\t\t\t\t<\/div>\n\t\t\t\t<\/div>\n\t\t\t\t\t<\/div>\n\t\t\t\t<\/div>\n\t\t<div class=\"elementor-element elementor-element-b7780a4 e-flex e-con-boxed e-con e-parent\" data-id=\"b7780a4\" data-element_type=\"container\">\n\t\t\t\t\t<div class=\"e-con-inner\">\n\t\t\t\t<div class=\"elementor-element elementor-element-aee95d7 elementor-widget elementor-widget-heading\" data-id=\"aee95d7\" data-element_type=\"widget\" data-widget_type=\"heading.default\">\n\t\t\t\t<div class=\"elementor-widget-container\">\n\t\t\t\t\t<h1 class=\"elementor-heading-title elementor-size-default\">SLOVENIAN NATURAL PARKS ASSOCIATION<\/h1>\t\t\t\t<\/div>\n\t\t\t\t<\/div>\n\t\t\t\t<div class=\"elementor-element elementor-element-0dba4c8 elementor-widget elementor-widget-text-editor\" data-id=\"0dba4c8\" data-element_type=\"widget\" data-widget_type=\"text-editor.default\">\n\t\t\t\t<div class=\"elementor-widget-container\">\n\t\t\t\t\t\t\t\t\t<p>Kozjanski park is a member of the <a href=\"https:\/\/www.naravniparkislovenije.si\/slo\/skupnost-naravnih-parkov\">Slovenian Natural Parks Association<\/a>, which was founded in 2011 by 11 operators of natural parks and protected areas in Slovenia. Today, the association brings together 15 protected area operators and is chaired each year by one of the protected areas.<\/p><p>The association is united by a common interest in nature conservation, ensuring a balance between the effective protection of nature and cultural heritage, and the sustainable development of the protected area.<\/p><p>More information: <a href=\"https:\/\/www.naravniparkislovenije.si\/slo\/skupnost-naravnih-parkov\">https:\/\/www.naravniparkislovenije.si\/slo\/skupnost-naravnih-parkov<\/a><\/p><p>Brochure Nature Parks of Slovenia: <a href=\"https:\/\/www.naravniparkislovenije.si\/knjiznica\/novice\/brosura-SNPS.pdf\">https:\/\/www.naravniparkislovenije.si\/knjiznica\/novice\/brosura-SNPS.pdf<\/a><\/p>\t\t\t\t\t\t\t\t<\/div>\n\t\t\t\t<\/div>\n\t\t\t\t<div class=\"elementor-element elementor-element-c5480b6 elementor-widget elementor-widget-image\" data-id=\"c5480b6\" data-element_type=\"widget\" data-widget_type=\"image.default\">\n\t\t\t\t<div class=\"elementor-widget-container\">\n\t\t\t\t\t\t\t\t\t\t\t\t\t\t\t<img decoding=\"async\" width=\"300\" height=\"154\" src=\"https:\/\/www.kozjanski-park.si\/eng\/wp-content\/uploads\/2025\/03\/skupnost-naravnih-parkov-slovenije-300x154.jpg\" class=\"attachment-medium size-medium wp-image-12179\" alt=\"\" srcset=\"https:\/\/www.kozjanski-park.si\/eng\/wp-content\/uploads\/2025\/03\/skupnost-naravnih-parkov-slovenije-300x154.jpg 300w, https:\/\/www.kozjanski-park.si\/eng\/wp-content\/uploads\/2025\/03\/skupnost-naravnih-parkov-slovenije-370x189.jpg 370w, https:\/\/www.kozjanski-park.si\/eng\/wp-content\/uploads\/2025\/03\/skupnost-naravnih-parkov-slovenije.jpg 500w\" sizes=\"(max-width: 300px) 100vw, 300px\" \/>\t\t\t\t\t\t\t\t\t\t\t\t\t\t\t<\/div>\n\t\t\t\t<\/div>\n\t\t\t\t<div class=\"elementor-element elementor-element-1fddd7f elementor-widget elementor-widget-heading\" data-id=\"1fddd7f\" data-element_type=\"widget\" data-widget_type=\"heading.default\">\n\t\t\t\t<div class=\"elementor-widget-container\">\n\t\t\t\t\t<h1 class=\"elementor-heading-title elementor-size-default\">MAB NATIONAL COMMITTEE \u2013 MAN AND BIOSPHERE<\/h1>\t\t\t\t<\/div>\n\t\t\t\t<\/div>\n\t\t\t\t<div class=\"elementor-element elementor-element-e29814b elementor-widget elementor-widget-text-editor\" data-id=\"e29814b\" data-element_type=\"widget\" data-widget_type=\"text-editor.default\">\n\t\t\t\t<div class=\"elementor-widget-container\">\n\t\t\t\t\t\t\t\t\t<p>Kozjansko Regional Park is a member of the MAB \u2013 Man and Biosphere National Committee.<\/p><p>UNESCO, the United Nations Educational, Scientific and Cultural Organisation, established the interdisciplinary Man and the Biosphere Programme (MAB) in 1971. It is an intergovernmental research programme that is creating a global network of biosphere areas. Slovenia has four biosphere areas: Julian Alps, Karst, Kozjansko and Obsotelje, and Mura.<\/p><p>\u00a0<\/p><p>More: <a href=\"https:\/\/www.unesco.org\/en\/mab\">https:\/\/www.unesco.org\/en\/mab\u00a0<\/a><\/p>\t\t\t\t\t\t\t\t<\/div>\n\t\t\t\t<\/div>\n\t\t\t\t<div class=\"elementor-element elementor-element-ea1bf45 elementor-widget elementor-widget-image\" data-id=\"ea1bf45\" data-element_type=\"widget\" data-widget_type=\"image.default\">\n\t\t\t\t<div class=\"elementor-widget-container\">\n\t\t\t\t\t\t\t\t\t\t\t\t\t\t\t<img decoding=\"async\" width=\"225\" height=\"194\" src=\"https:\/\/www.kozjanski-park.si\/eng\/wp-content\/uploads\/2025\/03\/mab_programme_blue_eng-1-225x194-1.png\" class=\"attachment-medium size-medium wp-image-12187\" alt=\"\" \/>\t\t\t\t\t\t\t\t\t\t\t\t\t\t\t<\/div>\n\t\t\t\t<\/div>\n\t\t\t\t<div class=\"elementor-element elementor-element-f13e8c6 elementor-widget elementor-widget-heading\" data-id=\"f13e8c6\" data-element_type=\"widget\" data-widget_type=\"heading.default\">\n\t\t\t\t<div class=\"elementor-widget-container\">\n\t\t\t\t\t<h1 class=\"elementor-heading-title elementor-size-default\">CASTLES OF POSAVJE<\/h1>\t\t\t\t<\/div>\n\t\t\t\t<\/div>\n\t\t\t\t<div class=\"elementor-element elementor-element-2faa8ca elementor-widget elementor-widget-text-editor\" data-id=\"2faa8ca\" data-element_type=\"widget\" data-widget_type=\"text-editor.default\">\n\t\t\t\t<div class=\"elementor-widget-container\">\n\t\t\t\t\t\t\t\t\t<p>Kozjansko Park with Podsreda Castle is part of the informal association Castles of Posavje, which was established in 2014.<\/p><p>The aim of the association is to raise the visibility and add value to the network of castles through an innovative approach, thereby maximising the opening-up to the wider Slovenian and international space.<\/p><p>At the beginning, the association Castles of Posavje brought together the administrators of six castles in Posavje, namely: Posavje Museum Bre\u017eice, which manages the Bre\u017eice Castle, the Bo\u017eidar Jakac Gallery Kostanjevica na Krki, which manages the former monastery in Kostanjevica na Krki, the Kr\u0161ko Cultural Centre \u2013 Rajhenburg Castle Unit, which manages the Rajhenburg Castle, K\u0160TM Sevnica, which manages the Sevnica Castle, Terme \u010cate\u017e, which owns the Mokrice Castle, and Kozjanski Park Podsreda, which manages the Podsreda Castle. Later, the Municipality of Bistrica ob Sotli with the ruins of Kun\u0161perk Castle and the Cultural and Tourist Recreation Centre Rade\u010de with the ruins of Svibno Castle joined the association.<\/p><p>More information: <a href=\"https:\/\/gradoviposavja.si\/\">https:\/\/gradoviposavja.si\/<\/a> or in the leaflet.<\/p>\t\t\t\t\t\t\t\t<\/div>\n\t\t\t\t<\/div>\n\t\t\t\t<div class=\"elementor-element elementor-element-80d419d elementor-widget elementor-widget-image\" data-id=\"80d419d\" data-element_type=\"widget\" data-widget_type=\"image.default\">\n\t\t\t\t<div class=\"elementor-widget-container\">\n\t\t\t\t\t\t\t\t\t\t\t\t\t\t\t<img decoding=\"async\" width=\"300\" height=\"156\" src=\"https:\/\/www.kozjanski-park.si\/eng\/wp-content\/uploads\/2025\/03\/gradovi-posavja-1-300x156.jpg\" class=\"attachment-medium size-medium wp-image-12178\" alt=\"\" srcset=\"https:\/\/www.kozjanski-park.si\/eng\/wp-content\/uploads\/2025\/03\/gradovi-posavja-1-300x156.jpg 300w, https:\/\/www.kozjanski-park.si\/eng\/wp-content\/uploads\/2025\/03\/gradovi-posavja-1-1024x532.jpg 1024w, https:\/\/www.kozjanski-park.si\/eng\/wp-content\/uploads\/2025\/03\/gradovi-posavja-1-768x399.jpg 768w, https:\/\/www.kozjanski-park.si\/eng\/wp-content\/uploads\/2025\/03\/gradovi-posavja-1-370x192.jpg 370w, https:\/\/www.kozjanski-park.si\/eng\/wp-content\/uploads\/2025\/03\/gradovi-posavja-1-770x400.jpg 770w, https:\/\/www.kozjanski-park.si\/eng\/wp-content\/uploads\/2025\/03\/gradovi-posavja-1.jpg 1137w\" sizes=\"(max-width: 300px) 100vw, 300px\" \/>\t\t\t\t\t\t\t\t\t\t\t\t\t\t\t<\/div>\n\t\t\t\t<\/div>\n\t\t\t\t<div class=\"elementor-element elementor-element-9723c8f elementor-widget elementor-widget-heading\" data-id=\"9723c8f\" data-element_type=\"widget\" data-widget_type=\"heading.default\">\n\t\t\t\t<div class=\"elementor-widget-container\">\n\t\t\t\t\t<h1 class=\"elementor-heading-title elementor-size-default\">ASSOCIATION OF SLOVENE MUSEUMS<\/h1>\t\t\t\t<\/div>\n\t\t\t\t<\/div>\n\t\t\t\t<div class=\"elementor-element elementor-element-10e7979 elementor-widget elementor-widget-text-editor\" data-id=\"10e7979\" data-element_type=\"widget\" data-widget_type=\"text-editor.default\">\n\t\t\t\t<div class=\"elementor-widget-container\">\n\t\t\t\t\t\t\t\t\t<p>Kozjanski Park is a member of the Association of Slovene Museums, which brings together Slovenian museums and galleries in the common interest of resolving selected professional and status issues. Through its activities, it represents and promotes Slovenian museums and galleries and, through them, the entire cultural and natural heritage they care for.<\/p><p>More information: <a href=\"http:\/\/www.sms-muzeji.si\/\">http:\/\/www.sms-muzeji.si\/<\/a><\/p><p>\u00a0<\/p>\t\t\t\t\t\t\t\t<\/div>\n\t\t\t\t<\/div>\n\t\t\t\t<div class=\"elementor-element elementor-element-ae82f3f elementor-widget elementor-widget-image\" data-id=\"ae82f3f\" data-element_type=\"widget\" data-widget_type=\"image.default\">\n\t\t\t\t<div class=\"elementor-widget-container\">\n\t\t\t\t\t\t\t\t\t\t\t\t\t\t\t<img loading=\"lazy\" decoding=\"async\" width=\"300\" height=\"128\" src=\"https:\/\/www.kozjanski-park.si\/eng\/wp-content\/uploads\/2024\/08\/Logo-SMS.png\" class=\"attachment-large size-large wp-image-8260\" alt=\"\" \/>\t\t\t\t\t\t\t\t\t\t\t\t\t\t\t<\/div>\n\t\t\t\t<\/div>\n\t\t\t\t<div class=\"elementor-element elementor-element-dc9360e elementor-widget elementor-widget-heading\" data-id=\"dc9360e\" data-element_type=\"widget\" data-widget_type=\"heading.default\">\n\t\t\t\t<div class=\"elementor-widget-container\">\n\t\t\t\t\t<h1 class=\"elementor-heading-title elementor-size-default\">SLOVENIA GREEN<\/h1>\t\t\t\t<\/div>\n\t\t\t\t<\/div>\n\t\t\t\t<div class=\"elementor-element elementor-element-042a937 elementor-widget elementor-widget-text-editor\" data-id=\"042a937\" data-element_type=\"widget\" data-widget_type=\"text-editor.default\">\n\t\t\t\t<div class=\"elementor-widget-container\">\n\t\t\t\t\t\t\t\t\t<p>In 2017, Kozjanski Park was accepted into the Green Scheme of Slovenian tourism and was awarded the SLOVENIA GREEN PARK label. The wider area was also awarded the SLOVENIA GREEN DESTINATION GOLD label the same year.<\/p><p>SLOVENIA GREEN is a certification programme and a quality mark that indicates compliance with the requirements defined for destinations and providers by the Green Scheme of Slovenian tourism. The key strategic objective of the Green Scheme of Slovenian tourism is to introduce sustainable models into Slovenian tourism, both at the level of tourism providers and destinations. Sustainable development and care for the economic, socio-cultural, and natural environment accompany all the objectives of the strategic directions.<\/p><p>More information: <a href=\"https:\/\/www.slovenia.info\/sl\/poslovne-strani\/zelena-shema-slovenskega-turizma\">https:\/\/www.slovenia.info\/sl\/poslovne-strani\/zelena-shema-slovenskega-turizma<\/a><\/p><p>\u00a0<\/p>\t\t\t\t\t\t\t\t<\/div>\n\t\t\t\t<\/div>\n\t\t\t\t<div class=\"elementor-element elementor-element-b4e2eb2 elementor-widget elementor-widget-image\" data-id=\"b4e2eb2\" data-element_type=\"widget\" data-widget_type=\"image.default\">\n\t\t\t\t<div class=\"elementor-widget-container\">\n\t\t\t\t\t\t\t\t\t\t\t\t\t\t\t<img loading=\"lazy\" decoding=\"async\" width=\"300\" height=\"175\" src=\"https:\/\/www.kozjanski-park.si\/eng\/wp-content\/uploads\/2025\/03\/rsz_2019_05_sto_logotip_slovenia_green_-300x175.png\" class=\"attachment-medium size-medium wp-image-11202\" alt=\"\" srcset=\"https:\/\/www.kozjanski-park.si\/eng\/wp-content\/uploads\/2025\/03\/rsz_2019_05_sto_logotip_slovenia_green_-300x175.png 300w, https:\/\/www.kozjanski-park.si\/eng\/wp-content\/uploads\/2025\/03\/rsz_2019_05_sto_logotip_slovenia_green_-370x216.png 370w, https:\/\/www.kozjanski-park.si\/eng\/wp-content\/uploads\/2025\/03\/rsz_2019_05_sto_logotip_slovenia_green_.png 600w\" sizes=\"(max-width: 300px) 100vw, 300px\" \/>\t\t\t\t\t\t\t\t\t\t\t\t\t\t\t<\/div>\n\t\t\t\t<\/div>\n\t\t\t\t<div class=\"elementor-element elementor-element-90302a2 elementor-widget elementor-widget-heading\" data-id=\"90302a2\" data-element_type=\"widget\" data-widget_type=\"heading.default\">\n\t\t\t\t<div class=\"elementor-widget-container\">\n\t\t\t\t\t<h1 class=\"elementor-heading-title elementor-size-default\">DINARIC ARC PARKS<\/h1>\t\t\t\t<\/div>\n\t\t\t\t<\/div>\n\t\t\t\t<div class=\"elementor-element elementor-element-86bdd66 elementor-widget elementor-widget-text-editor\" data-id=\"86bdd66\" data-element_type=\"widget\" data-widget_type=\"text-editor.default\">\n\t\t\t\t<div class=\"elementor-widget-container\">\n\t\t\t\t\t\t\t\t\t<p>Kozjansko park is part of the Dinaric Arc Parks Network, which primarily aims to connect national, regional and landscape parks in Albania, Bosnia and Herzegovina, Montenegro, Croatia, Kosovo, FYR Macedonia, Slovenia, and Serbia. In terms of beauty, geographical location, biodiversity and degree of nature conservation, the Dinaric Arc ranks in one of the highest positions on a global scale. Activities of the Dinaric Arc Parks Association, which launched a brand named Parks Dinarides \u2013 a world undiscovered, is coordinated by the World Wildlife Foundation (WWF).<\/p><p>Some of the main goals of the Dinaric Arc Parks Association are to connect protected areas, offer technical support in terms of professional issues, as well as achieve better and joint promotion of the parks. By implementing joint development projects, the Association helps provide protected areas with assistance in raising funds. Being a regional association, it connects with similar associations and joins in the most prominent global and local initiatives for maintaining biodiversity.<\/p><p>More information: <a href=\"https:\/\/parksdinarides.org\/\">https:\/\/parksdinarides.org\/<\/a><\/p><p>\u00a0<\/p>\t\t\t\t\t\t\t\t<\/div>\n\t\t\t\t<\/div>\n\t\t\t\t<div class=\"elementor-element elementor-element-dbb33f5 elementor-widget elementor-widget-image\" data-id=\"dbb33f5\" data-element_type=\"widget\" data-widget_type=\"image.default\">\n\t\t\t\t<div class=\"elementor-widget-container\">\n\t\t\t\t\t\t\t\t\t\t\t\t\t\t\t<img loading=\"lazy\" decoding=\"async\" width=\"279\" height=\"300\" src=\"https:\/\/www.kozjanski-park.si\/eng\/wp-content\/uploads\/2024\/08\/dinaridi-279x300.jpg\" class=\"attachment-medium size-medium wp-image-8262\" alt=\"\" srcset=\"https:\/\/www.kozjanski-park.si\/eng\/wp-content\/uploads\/2024\/08\/dinaridi-279x300.jpg 279w, https:\/\/www.kozjanski-park.si\/eng\/wp-content\/uploads\/2024\/08\/dinaridi.jpg 523w\" sizes=\"(max-width: 279px) 100vw, 279px\" \/>\t\t\t\t\t\t\t\t\t\t\t\t\t\t\t<\/div>\n\t\t\t\t<\/div>\n\t\t\t\t<div class=\"elementor-element elementor-element-40f729e elementor-widget elementor-widget-heading\" data-id=\"40f729e\" data-element_type=\"widget\" data-widget_type=\"heading.default\">\n\t\t\t\t<div class=\"elementor-widget-container\">\n\t\t\t\t\t<h1 class=\"elementor-heading-title elementor-size-default\">SAVA PARKS<\/h1>\t\t\t\t<\/div>\n\t\t\t\t<\/div>\n\t\t\t\t<div class=\"elementor-element elementor-element-778c0ca elementor-widget elementor-widget-text-editor\" data-id=\"778c0ca\" data-element_type=\"widget\" data-widget_type=\"text-editor.default\">\n\t\t\t\t<div class=\"elementor-widget-container\">\n\t\t\t\t\t\t\t\t\t<p>Kozjansko Regional Park is a member of the SavaParks Network. It is a network of parks in the Sava River basin, involving 22 institutions, public bodies, organisations, and associations from Slovenia, Croatia, Serbia, and Bosnia and Herzegovina. They all share a common concern for nature conservation. The network was launched in 2015 on World Wetlands Day (2 February). The network members signed a joint declaration taking responsibility for the conservation of biodiversity in the Sava River basin. They also advocate cross-border cooperation in projects for sustainable development, and the protection of natural and cultural heritage.<\/p><p>More information: <a href=\"http:\/\/www.savaparks.eu\/sava-parks-4282\">https:\/\/www.savaparks.eu\/<\/a><\/p>\t\t\t\t\t\t\t\t<\/div>\n\t\t\t\t<\/div>\n\t\t\t\t<div class=\"elementor-element elementor-element-898e31f elementor-widget elementor-widget-image\" data-id=\"898e31f\" data-element_type=\"widget\" data-widget_type=\"image.default\">\n\t\t\t\t<div class=\"elementor-widget-container\">\n\t\t\t\t\t\t\t\t\t\t\t\t\t\t\t<img loading=\"lazy\" decoding=\"async\" width=\"300\" height=\"163\" src=\"https:\/\/www.kozjanski-park.si\/eng\/wp-content\/uploads\/2024\/08\/sava_parks_logo-300x163.png\" class=\"attachment-medium size-medium wp-image-8263\" alt=\"\" srcset=\"https:\/\/www.kozjanski-park.si\/eng\/wp-content\/uploads\/2024\/08\/sava_parks_logo-300x163.png 300w, https:\/\/www.kozjanski-park.si\/eng\/wp-content\/uploads\/2024\/08\/sava_parks_logo-768x416.png 768w, https:\/\/www.kozjanski-park.si\/eng\/wp-content\/uploads\/2024\/08\/sava_parks_logo.png 860w\" sizes=\"(max-width: 300px) 100vw, 300px\" \/>\t\t\t\t\t\t\t\t\t\t\t\t\t\t\t<\/div>\n\t\t\t\t<\/div>\n\t\t\t\t<div class=\"elementor-element elementor-element-5c8866d elementor-widget elementor-widget-heading\" data-id=\"5c8866d\" data-element_type=\"widget\" data-widget_type=\"heading.default\">\n\t\t\t\t<div class=\"elementor-widget-container\">\n\t\t\t\t\t<h1 class=\"elementor-heading-title elementor-size-default\">EUROPARC<\/h1>\t\t\t\t<\/div>\n\t\t\t\t<\/div>\n\t\t\t\t<div class=\"elementor-element elementor-element-256e413 elementor-widget elementor-widget-text-editor\" data-id=\"256e413\" data-element_type=\"widget\" data-widget_type=\"text-editor.default\">\n\t\t\t\t<div class=\"elementor-widget-container\">\n\t\t\t\t\t\t\t\t\t<p>Kozjansko Regional Park is a member of the Europarc Federation, which is committed to preserving nature, cultural landscapes, and sustainable development. It promotes improvements in protected area management through the exchange of good practices and policies, and helps protected areas to tackle the challenges they face on a daily basis.<\/p><p>More information: <a href=\"https:\/\/www.europarc.org\/\">https:\/\/www.europarc.org\/#<\/a><\/p><p>\u00a0<\/p>\t\t\t\t\t\t\t\t<\/div>\n\t\t\t\t<\/div>\n\t\t\t\t<div class=\"elementor-element elementor-element-38747b5 elementor-widget elementor-widget-image\" data-id=\"38747b5\" data-element_type=\"widget\" data-widget_type=\"image.default\">\n\t\t\t\t<div class=\"elementor-widget-container\">\n\t\t\t\t\t\t\t\t\t\t\t\t\t\t\t<img loading=\"lazy\" decoding=\"async\" width=\"300\" height=\"95\" src=\"https:\/\/www.kozjanski-park.si\/eng\/wp-content\/uploads\/2024\/08\/europarc-300x95.jpg\" class=\"attachment-medium size-medium wp-image-8265\" alt=\"\" srcset=\"https:\/\/www.kozjanski-park.si\/eng\/wp-content\/uploads\/2024\/08\/europarc-300x95.jpg 300w, https:\/\/www.kozjanski-park.si\/eng\/wp-content\/uploads\/2024\/08\/europarc-1024x324.jpg 1024w, https:\/\/www.kozjanski-park.si\/eng\/wp-content\/uploads\/2024\/08\/europarc-768x243.jpg 768w, https:\/\/www.kozjanski-park.si\/eng\/wp-content\/uploads\/2024\/08\/europarc-1536x486.jpg 1536w, https:\/\/www.kozjanski-park.si\/eng\/wp-content\/uploads\/2024\/08\/europarc.jpg 1600w\" sizes=\"(max-width: 300px) 100vw, 300px\" \/>\t\t\t\t\t\t\t\t\t\t\t\t\t\t\t<\/div>\n\t\t\t\t<\/div>\n\t\t\t\t\t<\/div>\n\t\t\t\t<\/div>\n\t\t<div class=\"elementor-element elementor-element-4cf4f9e e-flex e-con-boxed e-con e-parent\" data-id=\"4cf4f9e\" data-element_type=\"container\">\n\t\t\t\t\t<div class=\"e-con-inner\">\n\t\t\t\t<div class=\"elementor-element elementor-element-5909aa8 elementor-widget elementor-widget-spacer\" data-id=\"5909aa8\" data-element_type=\"widget\" data-widget_type=\"spacer.default\">\n\t\t\t\t<div class=\"elementor-widget-container\">\n\t\t\t\t\t\t\t<div class=\"elementor-spacer\">\n\t\t\t<div class=\"elementor-spacer-inner\"><\/div>\n\t\t<\/div>\n\t\t\t\t\t\t<\/div>\n\t\t\t\t<\/div>\n\t\t\t\t\t<\/div>\n\t\t\t\t<\/div>\n\t\t<div class=\"elementor-element elementor-element-c4e28b0 e-flex e-con-boxed e-con e-parent\" data-id=\"c4e28b0\" data-element_type=\"container\">\n\t\t\t\t\t<div class=\"e-con-inner\">\n\t\t\t\t<div class=\"elementor-element elementor-element-ccd4ae9 elementor-widget elementor-widget-image\" data-id=\"ccd4ae9\" data-element_type=\"widget\" data-widget_type=\"image.default\">\n\t\t\t\t<div class=\"elementor-widget-container\">\n\t\t\t\t\t\t\t\t\t\t\t\t\t\t\t<img loading=\"lazy\" decoding=\"async\" width=\"1896\" height=\"583\" src=\"https:\/\/www.kozjanski-park.si\/eng\/wp-content\/uploads\/2024\/08\/suhi-travniki-3.jpg\" class=\"attachment-full size-full wp-image-8146\" alt=\"suhi travniki kozjanski park\" srcset=\"https:\/\/www.kozjanski-park.si\/eng\/wp-content\/uploads\/2024\/08\/suhi-travniki-3.jpg 1896w, https:\/\/www.kozjanski-park.si\/eng\/wp-content\/uploads\/2024\/08\/suhi-travniki-3-300x92.jpg 300w, https:\/\/www.kozjanski-park.si\/eng\/wp-content\/uploads\/2024\/08\/suhi-travniki-3-1024x315.jpg 1024w, https:\/\/www.kozjanski-park.si\/eng\/wp-content\/uploads\/2024\/08\/suhi-travniki-3-768x236.jpg 768w, https:\/\/www.kozjanski-park.si\/eng\/wp-content\/uploads\/2024\/08\/suhi-travniki-3-1536x472.jpg 1536w\" sizes=\"(max-width: 1896px) 100vw, 1896px\" \/>\t\t\t\t\t\t\t\t\t\t\t\t\t\t\t<\/div>\n\t\t\t\t<\/div>\n\t\t\t\t\t<\/div>\n\t\t\t\t<\/div>\n\t\t\t\t<\/div>\n\t\t","protected":false},"excerpt":{"rendered":"<div class=\"tmnf_excerpt\"><p>Kozjanski Park is a member of various associations and communities, whose main aim is to network and promote together. SLOVENIAN NATURAL PARKS ASSOCIATION Kozjanski park is a member of the Slovenian Natural Parks Association, which was founded in 2011 by 11 operators of natural parks and protected areas in Slovenia. Today, the association brings together &hellip;<\/p>\n<\/div>","protected":false},"author":1,"featured_media":12197,"parent":8090,"menu_order":0,"comment_status":"closed","ping_status":"closed","template":"template-fullwidth.php","meta":{"_acf_changed":false,"_monsterinsights_skip_tracking":false,"_monsterinsights_sitenote_active":false,"_monsterinsights_sitenote_note":"","_monsterinsights_sitenote_category":0,"footnotes":""},"class_list":["post-8167","page","type-page","status-publish","has-post-thumbnail","hentry"],"acf":[],"aioseo_notices":[],"_links":{"self":[{"href":"https:\/\/www.kozjanski-park.si\/eng\/wp-json\/wp\/v2\/pages\/8167","targetHints":{"allow":["GET"]}}],"collection":[{"href":"https:\/\/www.kozjanski-park.si\/eng\/wp-json\/wp\/v2\/pages"}],"about":[{"href":"https:\/\/www.kozjanski-park.si\/eng\/wp-json\/wp\/v2\/types\/page"}],"author":[{"embeddable":true,"href":"https:\/\/www.kozjanski-park.si\/eng\/wp-json\/wp\/v2\/users\/1"}],"replies":[{"embeddable":true,"href":"https:\/\/www.kozjanski-park.si\/eng\/wp-json\/wp\/v2\/comments?post=8167"}],"version-history":[{"count":51,"href":"https:\/\/www.kozjanski-park.si\/eng\/wp-json\/wp\/v2\/pages\/8167\/revisions"}],"predecessor-version":[{"id":13915,"href":"https:\/\/www.kozjanski-park.si\/eng\/wp-json\/wp\/v2\/pages\/8167\/revisions\/13915"}],"up":[{"embeddable":true,"href":"https:\/\/www.kozjanski-park.si\/eng\/wp-json\/wp\/v2\/pages\/8090"}],"wp:featuredmedia":[{"embeddable":true,"href":"https:\/\/www.kozjanski-park.si\/eng\/wp-json\/wp\/v2\/media\/12197"}],"wp:attachment":[{"href":"https:\/\/www.kozjanski-park.si\/eng\/wp-json\/wp\/v2\/media?parent=8167"}],"curies":[{"name":"wp","href":"https:\/\/api.w.org\/{rel}","templated":true}]}}