{"id":9781,"date":"2025-01-20T16:10:56","date_gmt":"2025-01-20T16:10:56","guid":{"rendered":"https:\/\/www.kozjanski-park.si\/eng\/?page_id=9781"},"modified":"2026-02-09T12:25:11","modified_gmt":"2026-02-09T11:25:11","slug":"gradovi","status":"publish","type":"page","link":"https:\/\/www.kozjanski-park.si\/eng\/strokovni-del\/kultura\/gradovi\/","title":{"rendered":"CASTLES"},"content":{"rendered":"\t\t<div data-elementor-type=\"wp-page\" data-elementor-id=\"9781\" class=\"elementor elementor-9781\">\n\t\t\t\t<div class=\"elementor-element elementor-element-5b73082a e-flex e-con-boxed e-con e-parent\" data-id=\"5b73082a\" data-element_type=\"container\">\n\t\t\t\t\t<div class=\"e-con-inner\">\n\t\t\t\t<div class=\"elementor-element elementor-element-49d4668b elementor-widget elementor-widget-text-editor\" data-id=\"49d4668b\" data-element_type=\"widget\" data-widget_type=\"text-editor.default\">\n\t\t\t\t<div class=\"elementor-widget-container\">\n\t\t\t\t\t\t\t\t\t<p>In the Kozjansko and Obsotelje regions, castles were constructed from the 10<sup>th<\/sup> century on in naturally secure locations with the purpose of strengthening the defense along the Sotla, which is the border river. Some castles have completely disappeared in the centuries that followed and only mighty remains remind us of others, such as Kun\u0161perk and Kozje castles. Through the centuries, the Pi\u0161ece, Bizeljsko, Olimje, and Podsreda castles have been preserved. The latter two have received a new purpose later on, all of them however remain in the memory of the locals, as well as go on living in legends and stories.<\/p><h2><span style=\"color: #339966;\">Podsreda Castle<\/span><\/h2><p>Podsreda Castle is located in the heart of Kozjansko Park, above the eponymous Podsreda Market Town, at an altitude of 475m above sea level.<\/p><p>H\u00f6rberg or Herberch, as the castle was once called, is one of the most important examples of Romanesque architecture in Slovenia as its medieval core has remained virtually unchanged over the centuries.<\/p><p>The owner of the land on which Podsreda Castle stands today was our first saint, St. Emma. The origins of \u201cthe most castle-like of Slovenian castles\u201d date back to the 12<sup>th<\/sup> century. Over the centuries, the castle has changed hands: the Bishops of Kr\u0161ko, the Counts of Celje, the Tattenbach family, the Lazarini family, and the last owners of the castle \u2013 the Windischgr\u00e4tz family. Today, the castle is owned by the Kozje Municipality and managed by Kozjanski Park since 1983.<\/p><p>Podsreda Castle is one of the few cultural monuments of the Romanesque era in Slovenia, which has been renovated from its past state of decay over the last forty years to become an important carrier of the cultural, promotional, educational, social, and tourist offerings of Kozjansko Park, living a full and rich life with its varied programme.<\/p><p>Visitors can enjoy a tour with audio guides or various guided tours (tourist, expert, or individual).<\/p><p>Families can try their hand at the family adventure Treasure Hunt at Podsreda Castle, and there is a Castle Caf\u00e9 and a shop selling local products with the Kozjansko Park Visitor Centre.<\/p><p>You can also stay overnight in the four-star accommodation \u2013 Podsreda Castle rooms and apartments \u2013 and start your morning with a castle breakfast of local delicacies.<\/p><p>You can also reach the castle on foot from the medieval Podsreda town via the 2.5km long, interactive Podsreda Castle Trail.<\/p><p><strong><a href=\"https:\/\/www.castlepodsreda.com\">More informations<\/a><\/strong><\/p><p><a href=\"https:\/\/www.castlepodsreda.com\"><b><img fetchpriority=\"high\" decoding=\"async\" class=\"alignnone wp-image-11320 size-full\" src=\"https:\/\/www.kozjanski-park.si\/eng\/wp-content\/uploads\/2025\/03\/Grad-Podsreda_april-2020_HQ_MV-scaled.jpg\" alt=\"\" width=\"2560\" height=\"1709\" srcset=\"https:\/\/www.kozjanski-park.si\/eng\/wp-content\/uploads\/2025\/03\/Grad-Podsreda_april-2020_HQ_MV-scaled.jpg 2560w, https:\/\/www.kozjanski-park.si\/eng\/wp-content\/uploads\/2025\/03\/Grad-Podsreda_april-2020_HQ_MV-300x200.jpg 300w, https:\/\/www.kozjanski-park.si\/eng\/wp-content\/uploads\/2025\/03\/Grad-Podsreda_april-2020_HQ_MV-1024x683.jpg 1024w, https:\/\/www.kozjanski-park.si\/eng\/wp-content\/uploads\/2025\/03\/Grad-Podsreda_april-2020_HQ_MV-768x513.jpg 768w, https:\/\/www.kozjanski-park.si\/eng\/wp-content\/uploads\/2025\/03\/Grad-Podsreda_april-2020_HQ_MV-370x247.jpg 370w, https:\/\/www.kozjanski-park.si\/eng\/wp-content\/uploads\/2025\/03\/Grad-Podsreda_april-2020_HQ_MV-689x460.jpg 689w, https:\/\/www.kozjanski-park.si\/eng\/wp-content\/uploads\/2025\/03\/Grad-Podsreda_april-2020_HQ_MV-1536x1025.jpg 1536w, https:\/\/www.kozjanski-park.si\/eng\/wp-content\/uploads\/2025\/03\/Grad-Podsreda_april-2020_HQ_MV-2048x1367.jpg 2048w\" sizes=\"(max-width: 2560px) 100vw, 2560px\" \/><\/b><\/a><\/p><h2><span style=\"color: #339966;\">Pi\u0161ece Castle<\/span><\/h2><p>The huge area of the Posavje region, of which Pi\u0161ece is also a part, used to be a part of the Posavje estates owned by the archbishop of Salzburg. This area was constantly threatened by the Hungarians, therefore the archbishop of Salzburg had several castles built, among them also the Pi\u0161ece castle. The castle itself is mentioned in sources as early as in 1268, when the ministerials of Salzburg, the knights of Pi\u0161ece, are stated as the owners, who managed the castle until 1353. After there we no more knights, the castle was managed by the archbishop\u2019s administrators for more than 200 years. In 1595, the Pi\u0161ece estate was bought by Innocenc Moscon as a legal and inheritable property. The Moscon family owned the estate until 1938, when the entire property was auctioned and the castle was nationalised, whereas the forests were sold to private owners.<\/p><p>The mighty Romanesque tower and the castle chapel have been preserved from the earliest times of the castle. All the other parts of the castle were built later, i.e. from the Renaissance, and later also rebuilt. In 1867, the castle got today\u2019s neo-Romanesque appearance.<\/p><p>The Moscon family, who owned the castle for almost 350 years, was also very important and influential locally, its influence also reaching far beyond the locality\u2019s borders. Their lives did not only go on behind the castle\u2019s walls. The surroundings were very beautifully landscaped with a garden and a pond where exotic trees still grow to this day \u2013 sequoias, sycamore trees, ginkgo, southern catalpa, honey locust, etc.<\/p><p>Pi\u0161ece Castle has undergone a major renovation in recent years, led by the Ministry of Culture.<\/p><p>Information:\u00a0<strong><a href=\"http:\/\/www.pisece.si\/\">http:\/\/www.pisece.si\/<\/a><\/strong><\/p><p><img decoding=\"async\" class=\"alignnone wp-image-8617 size-full\" src=\"https:\/\/www.kozjanski-park.si\/eng\/wp-content\/uploads\/2024\/08\/Grad-Pisece-scaled.jpg\" alt=\"Grad Pi\u0161ece\" width=\"2560\" height=\"1700\" srcset=\"https:\/\/www.kozjanski-park.si\/eng\/wp-content\/uploads\/2024\/08\/Grad-Pisece-scaled.jpg 2560w, https:\/\/www.kozjanski-park.si\/eng\/wp-content\/uploads\/2024\/08\/Grad-Pisece-300x199.jpg 300w, https:\/\/www.kozjanski-park.si\/eng\/wp-content\/uploads\/2024\/08\/Grad-Pisece-1024x680.jpg 1024w, https:\/\/www.kozjanski-park.si\/eng\/wp-content\/uploads\/2024\/08\/Grad-Pisece-768x510.jpg 768w, https:\/\/www.kozjanski-park.si\/eng\/wp-content\/uploads\/2024\/08\/Grad-Pisece-1536x1020.jpg 1536w, https:\/\/www.kozjanski-park.si\/eng\/wp-content\/uploads\/2024\/08\/Grad-Pisece-2048x1360.jpg 2048w\" sizes=\"(max-width: 2560px) 100vw, 2560px\" \/><\/p><h2><span style=\"color: #339966;\">Bizeljsko Castle<\/span><\/h2><p>Bizeljsko, which used to belong to the hereditary estate of Hemma of Gurk (Friesach-Zeltschach), was passed into the ownership of the newly established diocese of Gurk after her death.<\/p><p>As an estate of the diocese of Gurk, Bizeljsko is mentioned as early as in 1251. At that time, there was already a smaller manor in the same spot. In the gift deed for the manor from 1278 knight Eberhard von Visel is mentioned as a witness. Later on, in the 15<sup>th<\/sup> century, the castle was rebuilt. It was owned by the diocese of Gurk and managed by the knights of Bizeljsko. In 1532, the bishop of Gurk let the estate to Hans Tattenbach, whose heirs received the estate as inheritable property in 1608. Afterwards, several families owned the castle. In 1858, the estate was bought by the Windischgr\u00e4tz family. Between both world wars, Hugo a S. Croce was the owner of the castle, whereas the owners during World War II were baroness Christina and her husband Nikolaj von Maasburg. After World War II, ownership of the castle transferred to the state.<\/p><p>The features of the castle are typical for the Renaissance period as it underwent numerous modifications throughout the centuries with each period adding something new, however its fundamental characteristics have remained in-line with its oldest depictions.<\/p><p>The most intact is the central building with four wings that surround the inner courtyard and is fundamentally medieval. In the Renaissance, this core was reinforced with two defense towers. In 1623, the St. Jerome chapel was built next to the entrance into the castle.<\/p><p>Information:\u00a0<a href=\"http:\/\/www.bizeljsko.si\/zanimivosti\/grad-bizeljsko.html\">http:\/\/www.bizeljsko.si\/zanimivosti\/grad-bizeljsko.html<\/a><\/p><p><img decoding=\"async\" class=\"alignnone wp-image-8620 size-full\" src=\"https:\/\/www.kozjanski-park.si\/eng\/wp-content\/uploads\/2024\/08\/03_grad-Bizeljsko-scaled.jpg\" alt=\"grad Bizeljsko\" width=\"2560\" height=\"1703\" srcset=\"https:\/\/www.kozjanski-park.si\/eng\/wp-content\/uploads\/2024\/08\/03_grad-Bizeljsko-scaled.jpg 2560w, https:\/\/www.kozjanski-park.si\/eng\/wp-content\/uploads\/2024\/08\/03_grad-Bizeljsko-300x200.jpg 300w, https:\/\/www.kozjanski-park.si\/eng\/wp-content\/uploads\/2024\/08\/03_grad-Bizeljsko-1024x681.jpg 1024w, https:\/\/www.kozjanski-park.si\/eng\/wp-content\/uploads\/2024\/08\/03_grad-Bizeljsko-768x511.jpg 768w, https:\/\/www.kozjanski-park.si\/eng\/wp-content\/uploads\/2024\/08\/03_grad-Bizeljsko-1536x1022.jpg 1536w, https:\/\/www.kozjanski-park.si\/eng\/wp-content\/uploads\/2024\/08\/03_grad-Bizeljsko-2048x1363.jpg 2048w\" sizes=\"(max-width: 2560px) 100vw, 2560px\" \/><\/p><h2><span style=\"color: #339966;\">Kun\u0161perk Castle<\/span><\/h2><p>Kun\u0161perk lies on land inherited by Hemma of Gurk (Friesach-Zeltschach). In 1042, she passed it to the women\u2019s Benedictine monastery in Krka, Carinthia, whereas in 1071 its ownership passed to the diocese of Gurk.<\/p><p>The original castle of Kun\u0161perk was already present in the area at that time, having been built for defense reasons. Its position directly above the River Sotla commanded the Croatian Zagorje region as the opposite pair to the Croatian castle Cesargrad. The sources mention the castle as late as in the 12<sup>th<\/sup> century, when bishop Henry of Gurk had it torn down because of a dispute with Otto von Hernek with regard to the appropriation of the Gurk estates. After Henry and Otto resolved their dispute, the castle was rebuilt. In the following years, the knights of Kun\u0161perk are mentioned as the owners of the castle. The power of the knights of Kun\u0161perk faded after 1300 and their estate started crumbling. Afterwards, the Counts of Celje are mentioned as the owners of the castle and the Habsburg dynasty after their demise. In the 16<sup>th<\/sup> century, the Tattenbach family owned both castles, Bizeljsko and Kun\u0161perk. The seat of the Kun\u0161perk estate was transferred to Bizeljsko and the estate was thus managed from there. The Windischgr\u00e4tz family is stated as the last owners.<\/p><p>Today, the Kun\u0161perk castle is in ruins. From the once numerous buildings only the mighty Romanesque bergfried \u2013 defense tower, part of the walls and the castle chapel have been preserved.<\/p><p><img loading=\"lazy\" decoding=\"async\" class=\"alignnone wp-image-8619 size-full\" src=\"https:\/\/www.kozjanski-park.si\/eng\/wp-content\/uploads\/2024\/08\/Kunsperk_razvaline-gradu_HTO-1-scaled.jpg\" alt=\"Kun\u0161perk_razvaline gradu\" width=\"2560\" height=\"1703\" srcset=\"https:\/\/www.kozjanski-park.si\/eng\/wp-content\/uploads\/2024\/08\/Kunsperk_razvaline-gradu_HTO-1-scaled.jpg 2560w, https:\/\/www.kozjanski-park.si\/eng\/wp-content\/uploads\/2024\/08\/Kunsperk_razvaline-gradu_HTO-1-300x200.jpg 300w, https:\/\/www.kozjanski-park.si\/eng\/wp-content\/uploads\/2024\/08\/Kunsperk_razvaline-gradu_HTO-1-1024x681.jpg 1024w, https:\/\/www.kozjanski-park.si\/eng\/wp-content\/uploads\/2024\/08\/Kunsperk_razvaline-gradu_HTO-1-768x511.jpg 768w, https:\/\/www.kozjanski-park.si\/eng\/wp-content\/uploads\/2024\/08\/Kunsperk_razvaline-gradu_HTO-1-1536x1022.jpg 1536w, https:\/\/www.kozjanski-park.si\/eng\/wp-content\/uploads\/2024\/08\/Kunsperk_razvaline-gradu_HTO-1-2048x1363.jpg 2048w\" sizes=\"(max-width: 2560px) 100vw, 2560px\" \/><\/p><h2><span style=\"color: #339966;\">Pod\u010detrtek Castle<\/span><\/h2><p>It belongs to the oldest castles in Kozjansko, which is also evident from its original name \u2013 Landsberg, meaning the provincial castle; i.e. the castle in control over the province since it is located at a spot with commanding views over the Obsotelje region and the border with the former Hungarian kingdom. It was probably built sometime after 1100. It is located in the area of former Hemma\u2019s estates. It was constructed by the bishops of Gurk and managed by the knights of Pod\u010detrtek.\u00a0 In 1527, the administrator of the castle became Hans Tattenbach. However, his successors received the castle from the diocese of Gurk into permanent inheritable possession as late as in 1612.<\/p><p>In 1671, the head of the Tattenbach family, Hans Erasmus von Tattenbach, was decapitated in Graz for having been accused of being part of the Zrinski-Frankopan conspiracy against the Habsburgs.<\/p><p>The entire property of the family was confiscated by the state, who sold the castle in 1682 to duke Ignatius Maria Attems. The latter family owned the castle until the end of World War II. After the war, the castle served several purposes. Once opulent furnishings were displaced, the castle also housed residential flats recently.<\/p><p>It is now owned by the Municipality of Pod\u010detrtek, which has already partially restored it.<\/p><p><a href=\"https:\/\/www.visitpodcetrtek.com\/zanimivosti\/grad-pod%C4%8Detrtek\"><strong>More information<\/strong><\/a><\/p><h3><img loading=\"lazy\" decoding=\"async\" class=\"alignnone wp-image-11304 size-full\" src=\"https:\/\/www.kozjanski-park.si\/eng\/wp-content\/uploads\/2025\/03\/grad-podcetrtek-anorama-foto-Borut-Pihlar.jpg\" alt=\"\" width=\"1091\" height=\"727\" srcset=\"https:\/\/www.kozjanski-park.si\/eng\/wp-content\/uploads\/2025\/03\/grad-podcetrtek-anorama-foto-Borut-Pihlar.jpg 1091w, https:\/\/www.kozjanski-park.si\/eng\/wp-content\/uploads\/2025\/03\/grad-podcetrtek-anorama-foto-Borut-Pihlar-300x200.jpg 300w, https:\/\/www.kozjanski-park.si\/eng\/wp-content\/uploads\/2025\/03\/grad-podcetrtek-anorama-foto-Borut-Pihlar-1024x682.jpg 1024w, https:\/\/www.kozjanski-park.si\/eng\/wp-content\/uploads\/2025\/03\/grad-podcetrtek-anorama-foto-Borut-Pihlar-768x512.jpg 768w, https:\/\/www.kozjanski-park.si\/eng\/wp-content\/uploads\/2025\/03\/grad-podcetrtek-anorama-foto-Borut-Pihlar-370x247.jpg 370w, https:\/\/www.kozjanski-park.si\/eng\/wp-content\/uploads\/2025\/03\/grad-podcetrtek-anorama-foto-Borut-Pihlar-690x460.jpg 690w\" sizes=\"(max-width: 1091px) 100vw, 1091px\" \/><\/h3><h2><span style=\"color: #339966;\">Castles of Posavje<\/span><\/h2><p>Castles shape our cultural landscape and our identity. Especially in Slovenia, where we boast many well-preserved and restored castles, and castles that constantly remind us that more needs to be done.<\/p><p>The castles of Posavje have been connected since 2014. They include the managers of six castles in Posavje, who have joined the informal association, namely:\u00a0Bo\u017eidar Jakac Gallery Kostanjevica na Krki, which manages the former monastery in Kostanjevica na Krki, Kozjanski Park Podsreda, which manages Podsreda Castle, Kr\u0161ko Cultural Centre, Rajhenburg Castle unit, which manages Rajhenburg Castle, K\u0160TM Sevnica, which manages Sevnica Castle, Posavje Museum Bre\u017eice, which manages Bre\u017eice Castle, and Terme \u010cate\u017e, which owns Mokrice Castle.<\/p><p>The years 2020 and 2021 were also special years for Posavje Castles. At a challenging time for all, our association was awarded the title Jakob 2020 and the title of Ambassador of Innovation in Tourism for castles and manors. In 2021, the E-castles of Posavje project was successfully completed and made available to the public, where you can get to know seven castles in one \u201ccastle room\u201d at Terme \u010cate\u017e. The digitisation project was led by the Posavje Regional Development Agency with the support of Posavje municipalities. The castles of Bre\u017eice, Kostanjevica na Krki, Mokrice, Podsreda, Rajhenburg, and Sevnica are joined by the still interesting ruins of Kun\u0161perk and Svibno Castles, which have been brought to virtual life by the project. The brochure \u2013 guide provides the user with basic information, but above all invites to explore and enjoy.<\/p><p><strong><a href=\"https:\/\/gradoviposavja.eu\/\">More information<\/a><\/strong><\/p><p><a href=\"https:\/\/gradoviposavja.eu\/\"><img loading=\"lazy\" decoding=\"async\" class=\"alignnone wp-image-11305 size-full\" src=\"https:\/\/www.kozjanski-park.si\/eng\/wp-content\/uploads\/2025\/03\/gradovi-posavja.jpg\" alt=\"\" width=\"853\" height=\"569\" srcset=\"https:\/\/www.kozjanski-park.si\/eng\/wp-content\/uploads\/2025\/03\/gradovi-posavja.jpg 853w, https:\/\/www.kozjanski-park.si\/eng\/wp-content\/uploads\/2025\/03\/gradovi-posavja-300x200.jpg 300w, https:\/\/www.kozjanski-park.si\/eng\/wp-content\/uploads\/2025\/03\/gradovi-posavja-768x512.jpg 768w, https:\/\/www.kozjanski-park.si\/eng\/wp-content\/uploads\/2025\/03\/gradovi-posavja-370x247.jpg 370w, https:\/\/www.kozjanski-park.si\/eng\/wp-content\/uploads\/2025\/03\/gradovi-posavja-690x460.jpg 690w\" sizes=\"(max-width: 853px) 100vw, 853px\" \/><\/a><\/p>\t\t\t\t\t\t\t\t<\/div>\n\t\t\t\t<\/div>\n\t\t\t\t\t<\/div>\n\t\t\t\t<\/div>\n\t\t\t\t<\/div>\n\t\t","protected":false},"excerpt":{"rendered":"<div class=\"tmnf_excerpt\"><p>In the Kozjansko and Obsotelje regions, castles were constructed from the 10th century on in naturally secure locations with the purpose of strengthening the defense along the Sotla, which is the border river. Some castles have completely disappeared in the centuries that followed and only mighty remains remind us of others, such as Kun\u0161perk and &hellip;<\/p>\n<\/div>","protected":false},"author":1,"featured_media":8617,"parent":8233,"menu_order":0,"comment_status":"closed","ping_status":"closed","template":"template-fullwidth.php","meta":{"_acf_changed":false,"_monsterinsights_skip_tracking":false,"_monsterinsights_sitenote_active":false,"_monsterinsights_sitenote_note":"","_monsterinsights_sitenote_category":0,"footnotes":""},"class_list":["post-9781","page","type-page","status-publish","has-post-thumbnail","hentry"],"acf":[],"aioseo_notices":[],"_links":{"self":[{"href":"https:\/\/www.kozjanski-park.si\/eng\/wp-json\/wp\/v2\/pages\/9781","targetHints":{"allow":["GET"]}}],"collection":[{"href":"https:\/\/www.kozjanski-park.si\/eng\/wp-json\/wp\/v2\/pages"}],"about":[{"href":"https:\/\/www.kozjanski-park.si\/eng\/wp-json\/wp\/v2\/types\/page"}],"author":[{"embeddable":true,"href":"https:\/\/www.kozjanski-park.si\/eng\/wp-json\/wp\/v2\/users\/1"}],"replies":[{"embeddable":true,"href":"https:\/\/www.kozjanski-park.si\/eng\/wp-json\/wp\/v2\/comments?post=9781"}],"version-history":[{"count":78,"href":"https:\/\/www.kozjanski-park.si\/eng\/wp-json\/wp\/v2\/pages\/9781\/revisions"}],"predecessor-version":[{"id":13896,"href":"https:\/\/www.kozjanski-park.si\/eng\/wp-json\/wp\/v2\/pages\/9781\/revisions\/13896"}],"up":[{"embeddable":true,"href":"https:\/\/www.kozjanski-park.si\/eng\/wp-json\/wp\/v2\/pages\/8233"}],"wp:featuredmedia":[{"embeddable":true,"href":"https:\/\/www.kozjanski-park.si\/eng\/wp-json\/wp\/v2\/media\/8617"}],"wp:attachment":[{"href":"https:\/\/www.kozjanski-park.si\/eng\/wp-json\/wp\/v2\/media?parent=9781"}],"curies":[{"name":"wp","href":"https:\/\/api.w.org\/{rel}","templated":true}]}}