{"id":9795,"date":"2025-01-20T16:35:36","date_gmt":"2025-01-20T16:35:36","guid":{"rendered":"https:\/\/www.kozjanski-park.si\/eng\/?page_id=9795"},"modified":"2026-02-09T12:28:49","modified_gmt":"2026-02-09T11:28:49","slug":"mlini","status":"publish","type":"page","link":"https:\/\/www.kozjanski-park.si\/eng\/strokovni-del\/kultura\/mlini\/","title":{"rendered":"MILLS"},"content":{"rendered":"\t\t<div data-elementor-type=\"wp-page\" data-elementor-id=\"9795\" class=\"elementor elementor-9795\">\n\t\t\t\t<div class=\"elementor-element elementor-element-3bbebc5d e-flex e-con-boxed e-con e-parent\" data-id=\"3bbebc5d\" data-element_type=\"container\">\n\t\t\t\t\t<div class=\"e-con-inner\">\n\t\t\t\t<div class=\"elementor-element elementor-element-3872e2b8 elementor-widget elementor-widget-text-editor\" data-id=\"3872e2b8\" data-element_type=\"widget\" data-widget_type=\"text-editor.default\">\n\t\t\t\t<div class=\"elementor-widget-container\">\n\t\t\t\t\t\t\t\t\t<p>Milling is one of the oldest trades. Mills were already known to the Romans, who brought the invention from Asia Minor. Depending on the energy used to power them, we distinguish between water, floating, and windmills. On the Bistrica and its tributaries, we are only talking about water mills.<\/p><p>As recently as 1972, 14 mills were recorded along the Bistrica River and its tributaries; today, only the Kukovi\u010di\u010d and Levstik mills are still in operation. As a rule, mills are detached buildings, i.e. true craft workshops, and were not used as homes. Some of them continued into residential buildings. There were no large mills along the Bistrica River, because there is not enough water power to drive up to 8 water wheels. Only medium-sized mills with four water wheels and small mills with one water wheel were set up here. The latter were mainly domestic mills, covering the needs of the household.<\/p><p>Mills once standing along the Bistrica River and its tributaries:<\/p><p>Kri\u017enik (upper), Kranjec, Kri\u017enik (lower), Romih, Senicatov, Kranjec, Zalokar, Jazbec, Ferli\u010d, \u010cernak, Lah (Kastelan), \u0160umi, Ma\u010dek, Krofl, \u017dibert, Jereb, Kukovi\u010di\u010d, Levstik, Kostanj\u0161ek, Lesjak, \u017divi\u010d, Lap, Kunej (Mlinar), Markec, \u0160togler and, just before the mouth of the Sotla, Rakovec Mill.<\/p><p>Only Kastelan and Levstik mills are considered to have been castle mills according to folklore.<\/p><p><strong>\u00a0<\/strong><\/p><h2><span style=\"color: #339966;\">Kukovi\u010di\u010d Mill, Podsreda<\/span><\/h2><p>Known as the Soto\u0161ek homestead (Janez, Ana Soto\u0161ek) until the 1930s. The house with the mill is a brick building with a longitudinal floor plan, set with a longer fa\u00e7ade along the Bistrica riverbed. The mill is designed for two types of flour, with 2 mill wheels and a special entrance on the side fa\u00e7ade. In 1935, Anton Kukovi\u010di\u010d married into the Soto\u0161ek family from Veliki kamen. He was a blacksmith by trade and learned the milling trade from a hired miller who worked all day. Of the seven children, Anton Jr. remained at the homestead.<\/p><p>More information at: <a href=\"http:\/\/www.mlin-kukovicic.si\/\">http:\/\/www.mlin-kukovicic.si\/<\/a><\/p><p><a href=\"https:\/\/maps.app.goo.gl\/jpQyaZpv3M4vjFzK8\">Location<\/a><\/p><p><img fetchpriority=\"high\" decoding=\"async\" class=\"alignnone size-full wp-image-8628\" src=\"https:\/\/www.kozjanski-park.si\/eng\/wp-content\/uploads\/2024\/08\/Kukovicicev-mlin-ob-reki-Bistrici-scaled.jpg\" alt=\"Kukovi\u010di\u010dev mlin\" width=\"2560\" height=\"1707\" srcset=\"https:\/\/www.kozjanski-park.si\/eng\/wp-content\/uploads\/2024\/08\/Kukovicicev-mlin-ob-reki-Bistrici-scaled.jpg 2560w, https:\/\/www.kozjanski-park.si\/eng\/wp-content\/uploads\/2024\/08\/Kukovicicev-mlin-ob-reki-Bistrici-300x200.jpg 300w, https:\/\/www.kozjanski-park.si\/eng\/wp-content\/uploads\/2024\/08\/Kukovicicev-mlin-ob-reki-Bistrici-1024x683.jpg 1024w, https:\/\/www.kozjanski-park.si\/eng\/wp-content\/uploads\/2024\/08\/Kukovicicev-mlin-ob-reki-Bistrici-768x512.jpg 768w, https:\/\/www.kozjanski-park.si\/eng\/wp-content\/uploads\/2024\/08\/Kukovicicev-mlin-ob-reki-Bistrici-1536x1024.jpg 1536w, https:\/\/www.kozjanski-park.si\/eng\/wp-content\/uploads\/2024\/08\/Kukovicicev-mlin-ob-reki-Bistrici-2048x1365.jpg 2048w\" sizes=\"(max-width: 2560px) 100vw, 2560px\" \/><\/p>\t\t\t\t\t\t\t\t<\/div>\n\t\t\t\t<\/div>\n\t\t\t\t\t<\/div>\n\t\t\t\t<\/div>\n\t\t\t\t<\/div>\n\t\t","protected":false},"excerpt":{"rendered":"<div class=\"tmnf_excerpt\"><p>Milling is one of the oldest trades. Mills were already known to the Romans, who brought the invention from Asia Minor. Depending on the energy used to power them, we distinguish between water, floating, and windmills. On the Bistrica and its tributaries, we are only talking about water mills. As recently as 1972, 14 mills &hellip;<\/p>\n<\/div>","protected":false},"author":1,"featured_media":8628,"parent":8233,"menu_order":0,"comment_status":"closed","ping_status":"closed","template":"template-fullwidth.php","meta":{"_acf_changed":false,"_monsterinsights_skip_tracking":false,"_monsterinsights_sitenote_active":false,"_monsterinsights_sitenote_note":"","_monsterinsights_sitenote_category":0,"footnotes":""},"class_list":["post-9795","page","type-page","status-publish","has-post-thumbnail","hentry"],"acf":[],"aioseo_notices":[],"_links":{"self":[{"href":"https:\/\/www.kozjanski-park.si\/eng\/wp-json\/wp\/v2\/pages\/9795","targetHints":{"allow":["GET"]}}],"collection":[{"href":"https:\/\/www.kozjanski-park.si\/eng\/wp-json\/wp\/v2\/pages"}],"about":[{"href":"https:\/\/www.kozjanski-park.si\/eng\/wp-json\/wp\/v2\/types\/page"}],"author":[{"embeddable":true,"href":"https:\/\/www.kozjanski-park.si\/eng\/wp-json\/wp\/v2\/users\/1"}],"replies":[{"embeddable":true,"href":"https:\/\/www.kozjanski-park.si\/eng\/wp-json\/wp\/v2\/comments?post=9795"}],"version-history":[{"count":16,"href":"https:\/\/www.kozjanski-park.si\/eng\/wp-json\/wp\/v2\/pages\/9795\/revisions"}],"predecessor-version":[{"id":13902,"href":"https:\/\/www.kozjanski-park.si\/eng\/wp-json\/wp\/v2\/pages\/9795\/revisions\/13902"}],"up":[{"embeddable":true,"href":"https:\/\/www.kozjanski-park.si\/eng\/wp-json\/wp\/v2\/pages\/8233"}],"wp:featuredmedia":[{"embeddable":true,"href":"https:\/\/www.kozjanski-park.si\/eng\/wp-json\/wp\/v2\/media\/8628"}],"wp:attachment":[{"href":"https:\/\/www.kozjanski-park.si\/eng\/wp-json\/wp\/v2\/media?parent=9795"}],"curies":[{"name":"wp","href":"https:\/\/api.w.org\/{rel}","templated":true}]}}